{"id":2798,"date":"2025-01-07T14:04:22","date_gmt":"2025-01-07T13:04:22","guid":{"rendered":"https:\/\/b54bb38.al-web.de\/?page_id=2798"},"modified":"2025-02-11T16:39:24","modified_gmt":"2025-02-11T15:39:24","slug":"free-vocals-boy-band","status":"publish","type":"page","link":"https:\/\/freevocals.de\/index.php\/free-vocals-boy-band\/","title":{"rendered":"Free Vocals &#8211; Boy Band"},"content":{"rendered":"\t\t<div data-elementor-type=\"wp-page\" data-elementor-id=\"2798\" class=\"elementor elementor-2798\">\n\t\t\t\t<div class=\"elementor-element elementor-element-075cff5 e-flex e-con-boxed e-con e-parent\" data-id=\"075cff5\" data-element_type=\"container\" data-e-type=\"container\">\n\t\t\t\t\t<div class=\"e-con-inner\">\n\t\t<div class=\"elementor-element elementor-element-cf6826b e-con-full e-flex e-con e-child\" data-id=\"cf6826b\" data-element_type=\"container\" data-e-type=\"container\">\n\t\t\t\t<div class=\"elementor-element elementor-element-03f0585 elementor-widget elementor-widget-image\" data-id=\"03f0585\" data-element_type=\"widget\" data-e-type=\"widget\" data-widget_type=\"image.default\">\n\t\t\t\t<div class=\"elementor-widget-container\">\n\t\t\t\t\t\t\t\t\t\t\t\t\t\t\t<img fetchpriority=\"high\" decoding=\"async\" width=\"1365\" height=\"2048\" src=\"https:\/\/freevocals.de\/wp-content\/uploads\/2025\/01\/25-DSC00432.jpg\" class=\"attachment-full size-full wp-image-2714\" alt=\"\" srcset=\"https:\/\/freevocals.de\/wp-content\/uploads\/2025\/01\/25-DSC00432.jpg 1365w, https:\/\/freevocals.de\/wp-content\/uploads\/2025\/01\/25-DSC00432-200x300.jpg 200w, https:\/\/freevocals.de\/wp-content\/uploads\/2025\/01\/25-DSC00432-683x1024.jpg 683w, https:\/\/freevocals.de\/wp-content\/uploads\/2025\/01\/25-DSC00432-768x1152.jpg 768w, https:\/\/freevocals.de\/wp-content\/uploads\/2025\/01\/25-DSC00432-1024x1536.jpg 1024w\" sizes=\"(max-width: 1365px) 100vw, 1365px\" \/>\t\t\t\t\t\t\t\t\t\t\t\t\t\t\t<\/div>\n\t\t\t\t<\/div>\n\t\t\t\t<\/div>\n\t\t<div class=\"elementor-element elementor-element-e42cb45 e-con-full e-flex e-con e-child\" data-id=\"e42cb45\" data-element_type=\"container\" data-e-type=\"container\">\n\t\t\t\t<div class=\"elementor-element elementor-element-039fbdc elementor-widget elementor-widget-lucille-section-heading\" data-id=\"039fbdc\" data-element_type=\"widget\" data-e-type=\"widget\" data-widget_type=\"lucille-section-heading.default\">\n\t\t\t\t<div class=\"elementor-widget-container\">\n\t\t\t\t\t<h2 class=\"section_title lcl_elt_section_title\">Die <span class=\"vibrant_color\">Band<\/span><\/h2>\t\t\t\t<\/div>\n\t\t\t\t<\/div>\n\t\t\t\t<div class=\"elementor-element elementor-element-99a9d70 elementor-widget__width-initial elementor-widget elementor-widget-text-editor\" data-id=\"99a9d70\" data-element_type=\"widget\" data-e-type=\"widget\" data-widget_type=\"text-editor.default\">\n\t\t\t\t<div class=\"elementor-widget-container\">\n\t\t\t\t\t\t\t\t\t<p><span style=\"color: #000000;\">Wir sind die <strong>Free Vocals<\/strong> und haben uns auf die Fahne geschrieben, eine <strong>Vocal Boy Band<\/strong> zu sein. Vocal Boy Band? Klingt vielleicht erstmal ungew\u00f6hnlich, aber genau das macht uns aus! Wir sind im Grunde eine klassische Boy Band \u2013 mit all der Energie, dem Style und der Leidenschaft, die man erwartet \u2013 nur eben <strong>ohne Instrumente<\/strong>. Alles, was ihr bei uns h\u00f6rt, kommt von unseren Stimmen. Trotzdem schaffen wir es, den typischen Boy Band-Vibe auf die B\u00fchne zu bringen und unser Publikum zum <strong>Tanzen, Mitsingen und Feiern<\/strong> zu animieren. Und ja, das klappt wirklich \u2013 versprochen!<\/span><\/p><p><span style=\"color: #000000;\">\u00a0<\/span><\/p><p><span style=\"color: #000000;\">\u00a0<\/span><\/p><p style=\"margin-top: 0px; margin-bottom: 10px; color: #000000; font-family: 'Montserrat Custom', sans-serif;\">\u00a0<\/p>\t\t\t\t\t\t\t\t<\/div>\n\t\t\t\t<\/div>\n\t\t\t\t<div class=\"elementor-element elementor-element-41e56cb elementor-widget elementor-widget-lucille-section-subtitle\" data-id=\"41e56cb\" data-element_type=\"widget\" data-e-type=\"widget\" data-widget_type=\"lucille-section-subtitle.default\">\n\t\t\t\t<div class=\"elementor-widget-container\">\n\t\t\t\t\t<h4 class=\"section_subtitle lcl_elt_section_subtitle\">Die gr\u00f6\u00dften Erfolge<\/h4>\t\t\t\t<\/div>\n\t\t\t\t<\/div>\n\t\t\t\t<div class=\"elementor-element elementor-element-2a1f2d5 elementor-widget elementor-widget-lucille-review-slider\" data-id=\"2a1f2d5\" data-element_type=\"widget\" data-e-type=\"widget\" data-widget_type=\"lucille-review-slider.default\">\n\t\t\t\t<div class=\"elementor-widget-container\">\n\t\t\t\t\t\r\n\t\t<div class=\"lc_swp_boxed lc_reviews_slider_container\" data-slidespeed=\"400\" data-slidedelay=\"4000\">\r\n\t\t\t<div class=\"lc_reviews_slider\">\r\n\t\t\t\t\t\t\t\t<ul>\r\n\t\t\t\t\t\t\t\t\t\t\t<li>\r\n\t\t\t\t\t\t\t<div class=\"lc_swp_boxed text_center\">\r\n\t\t\t\t\t\t\t\t<div class=\"lc_reviewer_image\">\r\n\t\t\t\t\t\t\t\t\t\t\t\t\t\t\t\t\t<\/div>\r\n\t\t\t\t\t\t\t\t<h5 class=\"lc_reviewer_name\">Vocal Champs 2024<\/h5>\r\n\t\t\t\t\t\t\t\t<div class=\"lc_review_content\">\r\n\t\t\t\t\t\t\t\t\t1. Platz beim Vocal Champs Contest in Sendenhorst\t\t\t\t\t\t\t\t<\/div>\r\n\t\t\t\t\t\t\t<\/div>\r\n\t\t\t\t\t\t<\/li>\r\n\t\t\t\t\t\t\t\t\t\t\t<li>\r\n\t\t\t\t\t\t\t<div class=\"lc_swp_boxed text_center\">\r\n\t\t\t\t\t\t\t\t<div class=\"lc_reviewer_image\">\r\n\t\t\t\t\t\t\t\t\t\t\t\t\t\t\t\t\t<\/div>\r\n\t\t\t\t\t\t\t\t<h5 class=\"lc_reviewer_name\">Solala 2024<\/h5>\r\n\t\t\t\t\t\t\t\t<div class=\"lc_review_content\">\r\n\t\t\t\t\t\t\t\t\t1. Platz beim Solala Wettbewerb in Solingen\t\t\t\t\t\t\t\t<\/div>\r\n\t\t\t\t\t\t\t<\/div>\r\n\t\t\t\t\t\t<\/li>\r\n\t\t\t\t\t\t\t\t\t\t\t<li>\r\n\t\t\t\t\t\t\t<div class=\"lc_swp_boxed text_center\">\r\n\t\t\t\t\t\t\t\t<div class=\"lc_reviewer_image\">\r\n\t\t\t\t\t\t\t\t\t\t\t\t\t\t\t\t\t<\/div>\r\n\t\t\t\t\t\t\t\t<h5 class=\"lc_reviewer_name\">Deutscher Chorwettbewerb 2023<\/h5>\r\n\t\t\t\t\t\t\t\t<div class=\"lc_review_content\">\r\n\t\t\t\t\t\t\t\t\t3. Platz beim deuschlandweiten Chorwettbewerb\t\t\t\t\t\t\t\t<\/div>\r\n\t\t\t\t\t\t\t<\/div>\r\n\t\t\t\t\t\t<\/li>\r\n\t\t\t\t\t\t\t\t\t\t\t<li>\r\n\t\t\t\t\t\t\t<div class=\"lc_swp_boxed text_center\">\r\n\t\t\t\t\t\t\t\t<div class=\"lc_reviewer_image\">\r\n\t\t\t\t\t\t\t\t\t\t\t\t\t\t\t\t\t<\/div>\r\n\t\t\t\t\t\t\t\t<h5 class=\"lc_reviewer_name\">Bayerischer Chorwettbewerb 2022<\/h5>\r\n\t\t\t\t\t\t\t\t<div class=\"lc_review_content\">\r\n\t\t\t\t\t\t\t\t\t1. Platz in der Kategorie H2\t\t\t\t\t\t\t\t<\/div>\r\n\t\t\t\t\t\t\t<\/div>\r\n\t\t\t\t\t\t<\/li>\r\n\t\t\t\t\t\t\t\t\t\t\t<li>\r\n\t\t\t\t\t\t\t<div class=\"lc_swp_boxed text_center\">\r\n\t\t\t\t\t\t\t\t<div class=\"lc_reviewer_image\">\r\n\t\t\t\t\t\t\t\t\t\t\t\t\t\t\t\t\t<\/div>\r\n\t\t\t\t\t\t\t\t<h5 class=\"lc_reviewer_name\">a cappella Wettbewerb in Leipzig 2019<\/h5>\r\n\t\t\t\t\t\t\t\t<div class=\"lc_review_content\">\r\n\t\t\t\t\t\t\t\t\tTeilnahme und Workshop mit David Hurley\t\t\t\t\t\t\t\t<\/div>\r\n\t\t\t\t\t\t\t<\/div>\r\n\t\t\t\t\t\t<\/li>\r\n\t\t\t\t\t\t\t\t\t\t\t<li>\r\n\t\t\t\t\t\t\t<div class=\"lc_swp_boxed text_center\">\r\n\t\t\t\t\t\t\t\t<div class=\"lc_reviewer_image\">\r\n\t\t\t\t\t\t\t\t\t\t\t\t\t\t\t\t\t<\/div>\r\n\t\t\t\t\t\t\t\t<h5 class=\"lc_reviewer_name\">vokal.total in Graz 2017<\/h5>\r\n\t\t\t\t\t\t\t\t<div class=\"lc_review_content\">\r\n\t\t\t\t\t\t\t\t\tZweiter Preis\t\t\t\t\t\t\t\t<\/div>\r\n\t\t\t\t\t\t\t<\/div>\r\n\t\t\t\t\t\t<\/li>\r\n\t\t\t\t\t\t\t\t\t<\/ul>\r\n\t\t\t\t\t\t\t<\/div>\t\r\n\t\t<\/div>\r\n\r\n\t\t\t\t\t\t<\/div>\n\t\t\t\t<\/div>\n\t\t\t\t<\/div>\n\t\t\t\t\t<\/div>\n\t\t\t\t<\/div>\n\t\t<div class=\"elementor-element elementor-element-6fe0276 e-flex e-con-boxed e-con e-parent\" data-id=\"6fe0276\" data-element_type=\"container\" data-e-type=\"container\">\n\t\t\t\t\t<div class=\"e-con-inner\">\n\t\t\t\t<div class=\"elementor-element elementor-element-125a7af elementor-widget elementor-widget-spacer\" data-id=\"125a7af\" data-element_type=\"widget\" data-e-type=\"widget\" data-widget_type=\"spacer.default\">\n\t\t\t\t<div class=\"elementor-widget-container\">\n\t\t\t\t\t\t\t<div class=\"elementor-spacer\">\n\t\t\t<div class=\"elementor-spacer-inner\"><\/div>\n\t\t<\/div>\n\t\t\t\t\t\t<\/div>\n\t\t\t\t<\/div>\n\t\t\t\t\t<\/div>\n\t\t\t\t<\/div>\n\t\t<div class=\"elementor-element elementor-element-6e32868 e-flex e-con-boxed e-con e-parent\" data-id=\"6e32868\" data-element_type=\"container\" data-e-type=\"container\">\n\t\t\t\t\t<div class=\"e-con-inner\">\n\t\t<div class=\"elementor-element elementor-element-b1a7738 e-con-full e-flex e-con e-child\" data-id=\"b1a7738\" data-element_type=\"container\" data-e-type=\"container\">\n\t\t\t\t<div class=\"elementor-element elementor-element-25ccd26 elementor-widget elementor-widget-heading\" data-id=\"25ccd26\" data-element_type=\"widget\" data-e-type=\"widget\" data-widget_type=\"heading.default\">\n\t\t\t\t<div class=\"elementor-widget-container\">\n\t\t\t\t\t<h2 class=\"elementor-heading-title elementor-size-default\">Chris<\/h2>\t\t\t\t<\/div>\n\t\t\t\t<\/div>\n\t\t\t\t<div class=\"elementor-element elementor-element-2e8eef8 elementor-widget elementor-widget-text-editor\" data-id=\"2e8eef8\" data-element_type=\"widget\" data-e-type=\"widget\" data-widget_type=\"text-editor.default\">\n\t\t\t\t<div class=\"elementor-widget-container\">\n\t\t\t\t\t\t\t\t\t<p>Tenor, gescheiterter Sportler<\/p>\n<blockquote>\n<p>Chris ist der geilste mit seiner Engelsstimme. Au\u00dferdem schreibt er eigene Songs und ist f\u00fcr die Choreos verantwortlich.<\/p>\n<\/blockquote>\n<p>\u00a0<\/p>\n<p>\u00a0<\/p>\t\t\t\t\t\t\t\t<\/div>\n\t\t\t\t<\/div>\n\t\t\t\t<\/div>\n\t\t<div class=\"elementor-element elementor-element-26ccabf e-con-full e-flex e-con e-child\" data-id=\"26ccabf\" data-element_type=\"container\" data-e-type=\"container\">\n\t\t\t\t<div class=\"elementor-element elementor-element-201cc7c elementor-widget elementor-widget-image\" data-id=\"201cc7c\" data-element_type=\"widget\" data-e-type=\"widget\" data-widget_type=\"image.default\">\n\t\t\t\t<div class=\"elementor-widget-container\">\n\t\t\t\t\t\t\t\t\t\t\t\t\t\t\t<img decoding=\"async\" width=\"200\" height=\"300\" src=\"https:\/\/freevocals.de\/wp-content\/uploads\/2025\/01\/18-DSC00790-200x300.jpg\" class=\"attachment-medium size-medium wp-image-2707\" alt=\"\" srcset=\"https:\/\/freevocals.de\/wp-content\/uploads\/2025\/01\/18-DSC00790-200x300.jpg 200w, https:\/\/freevocals.de\/wp-content\/uploads\/2025\/01\/18-DSC00790-683x1024.jpg 683w, https:\/\/freevocals.de\/wp-content\/uploads\/2025\/01\/18-DSC00790-768x1152.jpg 768w, https:\/\/freevocals.de\/wp-content\/uploads\/2025\/01\/18-DSC00790-1024x1536.jpg 1024w, https:\/\/freevocals.de\/wp-content\/uploads\/2025\/01\/18-DSC00790.jpg 1365w\" sizes=\"(max-width: 200px) 100vw, 200px\" \/>\t\t\t\t\t\t\t\t\t\t\t\t\t\t\t<\/div>\n\t\t\t\t<\/div>\n\t\t\t\t<\/div>\n\t\t\t\t\t<\/div>\n\t\t\t\t<\/div>\n\t\t<div class=\"elementor-element elementor-element-93727aa e-flex e-con-boxed e-con e-parent\" data-id=\"93727aa\" data-element_type=\"container\" data-e-type=\"container\">\n\t\t\t\t\t<div class=\"e-con-inner\">\n\t\t\t\t<div class=\"elementor-element elementor-element-3d58e8e elementor-widget-divider--view-line elementor-widget elementor-widget-divider\" data-id=\"3d58e8e\" data-element_type=\"widget\" data-e-type=\"widget\" data-widget_type=\"divider.default\">\n\t\t\t\t<div class=\"elementor-widget-container\">\n\t\t\t\t\t\t\t<div class=\"elementor-divider\">\n\t\t\t<span class=\"elementor-divider-separator\">\n\t\t\t\t\t\t<\/span>\n\t\t<\/div>\n\t\t\t\t\t\t<\/div>\n\t\t\t\t<\/div>\n\t\t\t\t\t<\/div>\n\t\t\t\t<\/div>\n\t\t<div class=\"elementor-element elementor-element-f666504 e-flex e-con-boxed e-con e-parent\" data-id=\"f666504\" data-element_type=\"container\" data-e-type=\"container\">\n\t\t\t\t\t<div class=\"e-con-inner\">\n\t\t<div class=\"elementor-element elementor-element-88882d9 e-con-full e-flex e-con e-child\" data-id=\"88882d9\" data-element_type=\"container\" data-e-type=\"container\">\n\t\t\t\t<div class=\"elementor-element elementor-element-f3494df elementor-widget elementor-widget-image\" data-id=\"f3494df\" data-element_type=\"widget\" data-e-type=\"widget\" data-widget_type=\"image.default\">\n\t\t\t\t<div class=\"elementor-widget-container\">\n\t\t\t\t\t\t\t\t\t\t\t\t\t\t\t<img decoding=\"async\" width=\"200\" height=\"300\" src=\"https:\/\/freevocals.de\/wp-content\/uploads\/2025\/01\/12-DSC00965-200x300.jpg\" class=\"attachment-medium size-medium wp-image-2701\" alt=\"\" srcset=\"https:\/\/freevocals.de\/wp-content\/uploads\/2025\/01\/12-DSC00965-200x300.jpg 200w, https:\/\/freevocals.de\/wp-content\/uploads\/2025\/01\/12-DSC00965-683x1024.jpg 683w, https:\/\/freevocals.de\/wp-content\/uploads\/2025\/01\/12-DSC00965-768x1152.jpg 768w, https:\/\/freevocals.de\/wp-content\/uploads\/2025\/01\/12-DSC00965-1024x1536.jpg 1024w, https:\/\/freevocals.de\/wp-content\/uploads\/2025\/01\/12-DSC00965.jpg 1365w\" sizes=\"(max-width: 200px) 100vw, 200px\" \/>\t\t\t\t\t\t\t\t\t\t\t\t\t\t\t<\/div>\n\t\t\t\t<\/div>\n\t\t\t\t<\/div>\n\t\t<div class=\"elementor-element elementor-element-61ad683 e-con-full e-flex e-con e-child\" data-id=\"61ad683\" data-element_type=\"container\" data-e-type=\"container\">\n\t\t\t\t<div class=\"elementor-element elementor-element-00f76e0 elementor-widget elementor-widget-heading\" data-id=\"00f76e0\" data-element_type=\"widget\" data-e-type=\"widget\" data-widget_type=\"heading.default\">\n\t\t\t\t<div class=\"elementor-widget-container\">\n\t\t\t\t\t<h2 class=\"elementor-heading-title elementor-size-default\">Marco<\/h2>\t\t\t\t<\/div>\n\t\t\t\t<\/div>\n\t\t\t\t<div class=\"elementor-element elementor-element-90e27c8 elementor-widget elementor-widget-text-editor\" data-id=\"90e27c8\" data-element_type=\"widget\" data-e-type=\"widget\" data-widget_type=\"text-editor.default\">\n\t\t\t\t<div class=\"elementor-widget-container\">\n\t\t\t\t\t\t\t\t\t<p>Tenor, manchmal auch Sopran<\/p><blockquote><p>Marco ist unsere Rockr\u00f6hre und singt h\u00f6her (und sch\u00f6ner) als fast jede Frau.\u00a0<\/p><\/blockquote>\t\t\t\t\t\t\t\t<\/div>\n\t\t\t\t<\/div>\n\t\t\t\t<\/div>\n\t\t\t\t\t<\/div>\n\t\t\t\t<\/div>\n\t\t<div class=\"elementor-element elementor-element-8bcfa6d e-flex e-con-boxed e-con e-parent\" data-id=\"8bcfa6d\" data-element_type=\"container\" data-e-type=\"container\">\n\t\t\t\t\t<div class=\"e-con-inner\">\n\t\t\t\t<div class=\"elementor-element elementor-element-26659ee elementor-widget-divider--view-line elementor-widget elementor-widget-divider\" data-id=\"26659ee\" data-element_type=\"widget\" data-e-type=\"widget\" data-widget_type=\"divider.default\">\n\t\t\t\t<div class=\"elementor-widget-container\">\n\t\t\t\t\t\t\t<div class=\"elementor-divider\">\n\t\t\t<span class=\"elementor-divider-separator\">\n\t\t\t\t\t\t<\/span>\n\t\t<\/div>\n\t\t\t\t\t\t<\/div>\n\t\t\t\t<\/div>\n\t\t\t\t\t<\/div>\n\t\t\t\t<\/div>\n\t\t<div class=\"elementor-element elementor-element-92654a2 e-flex e-con-boxed e-con e-parent\" data-id=\"92654a2\" data-element_type=\"container\" data-e-type=\"container\">\n\t\t\t\t\t<div class=\"e-con-inner\">\n\t\t<div class=\"elementor-element elementor-element-bcfa9fc e-con-full e-flex e-con e-child\" data-id=\"bcfa9fc\" data-element_type=\"container\" data-e-type=\"container\">\n\t\t\t\t<div class=\"elementor-element elementor-element-9f69356 elementor-widget elementor-widget-heading\" data-id=\"9f69356\" data-element_type=\"widget\" data-e-type=\"widget\" data-widget_type=\"heading.default\">\n\t\t\t\t<div class=\"elementor-widget-container\">\n\t\t\t\t\t<h2 class=\"elementor-heading-title elementor-size-default\">Philipp<\/h2>\t\t\t\t<\/div>\n\t\t\t\t<\/div>\n\t\t\t\t<div class=\"elementor-element elementor-element-6c44b3d elementor-widget elementor-widget-text-editor\" data-id=\"6c44b3d\" data-element_type=\"widget\" data-e-type=\"widget\" data-widget_type=\"text-editor.default\">\n\t\t\t\t<div class=\"elementor-widget-container\">\n\t\t\t\t\t\t\t\t\t<p>Tenor, nebenberuflich Komiker<\/p>\n<blockquote>\n<p>Philipp ist neben seinem s\u00e4ngerischen Beitrag auch derjenige, der am meisten Wortbeitr\u00e4ge hat &#8211; auf und neben der B\u00fchne.<\/p>\n<\/blockquote>\t\t\t\t\t\t\t\t<\/div>\n\t\t\t\t<\/div>\n\t\t\t\t<\/div>\n\t\t<div class=\"elementor-element elementor-element-41f06cd e-con-full e-flex e-con e-child\" data-id=\"41f06cd\" data-element_type=\"container\" data-e-type=\"container\">\n\t\t\t\t<div class=\"elementor-element elementor-element-2597ad6 elementor-widget elementor-widget-image\" data-id=\"2597ad6\" data-element_type=\"widget\" data-e-type=\"widget\" data-widget_type=\"image.default\">\n\t\t\t\t<div class=\"elementor-widget-container\">\n\t\t\t\t\t\t\t\t\t\t\t\t\t\t\t<img loading=\"lazy\" decoding=\"async\" width=\"200\" height=\"300\" src=\"https:\/\/freevocals.de\/wp-content\/uploads\/2025\/01\/23-DSC00568-200x300.jpg\" class=\"attachment-medium size-medium wp-image-2712\" alt=\"\" srcset=\"https:\/\/freevocals.de\/wp-content\/uploads\/2025\/01\/23-DSC00568-200x300.jpg 200w, https:\/\/freevocals.de\/wp-content\/uploads\/2025\/01\/23-DSC00568-683x1024.jpg 683w, https:\/\/freevocals.de\/wp-content\/uploads\/2025\/01\/23-DSC00568-768x1152.jpg 768w, https:\/\/freevocals.de\/wp-content\/uploads\/2025\/01\/23-DSC00568-1024x1536.jpg 1024w, https:\/\/freevocals.de\/wp-content\/uploads\/2025\/01\/23-DSC00568.jpg 1365w\" sizes=\"(max-width: 200px) 100vw, 200px\" \/>\t\t\t\t\t\t\t\t\t\t\t\t\t\t\t<\/div>\n\t\t\t\t<\/div>\n\t\t\t\t<\/div>\n\t\t\t\t\t<\/div>\n\t\t\t\t<\/div>\n\t\t<div class=\"elementor-element elementor-element-de2fc64 e-flex e-con-boxed e-con e-parent\" data-id=\"de2fc64\" data-element_type=\"container\" data-e-type=\"container\">\n\t\t\t\t\t<div class=\"e-con-inner\">\n\t\t\t\t<div class=\"elementor-element elementor-element-9e5598b elementor-widget-divider--view-line elementor-widget elementor-widget-divider\" data-id=\"9e5598b\" data-element_type=\"widget\" data-e-type=\"widget\" data-widget_type=\"divider.default\">\n\t\t\t\t<div class=\"elementor-widget-container\">\n\t\t\t\t\t\t\t<div class=\"elementor-divider\">\n\t\t\t<span class=\"elementor-divider-separator\">\n\t\t\t\t\t\t<\/span>\n\t\t<\/div>\n\t\t\t\t\t\t<\/div>\n\t\t\t\t<\/div>\n\t\t\t\t\t<\/div>\n\t\t\t\t<\/div>\n\t\t<div class=\"elementor-element elementor-element-e8dbc66 e-flex e-con-boxed e-con e-parent\" data-id=\"e8dbc66\" data-element_type=\"container\" data-e-type=\"container\">\n\t\t\t\t\t<div class=\"e-con-inner\">\n\t\t<div class=\"elementor-element elementor-element-be58e77 e-con-full e-flex e-con e-child\" data-id=\"be58e77\" data-element_type=\"container\" data-e-type=\"container\">\n\t\t\t\t<div class=\"elementor-element elementor-element-2d9c5dd elementor-widget elementor-widget-image\" data-id=\"2d9c5dd\" data-element_type=\"widget\" data-e-type=\"widget\" data-widget_type=\"image.default\">\n\t\t\t\t<div class=\"elementor-widget-container\">\n\t\t\t\t\t\t\t\t\t\t\t\t\t\t\t<img loading=\"lazy\" decoding=\"async\" width=\"200\" height=\"300\" src=\"https:\/\/freevocals.de\/wp-content\/uploads\/2025\/01\/22-DSC00671-200x300.jpg\" class=\"attachment-medium size-medium wp-image-2711\" alt=\"\" srcset=\"https:\/\/freevocals.de\/wp-content\/uploads\/2025\/01\/22-DSC00671-200x300.jpg 200w, https:\/\/freevocals.de\/wp-content\/uploads\/2025\/01\/22-DSC00671-683x1024.jpg 683w, https:\/\/freevocals.de\/wp-content\/uploads\/2025\/01\/22-DSC00671-768x1152.jpg 768w, https:\/\/freevocals.de\/wp-content\/uploads\/2025\/01\/22-DSC00671-1024x1536.jpg 1024w, https:\/\/freevocals.de\/wp-content\/uploads\/2025\/01\/22-DSC00671.jpg 1365w\" sizes=\"(max-width: 200px) 100vw, 200px\" \/>\t\t\t\t\t\t\t\t\t\t\t\t\t\t\t<\/div>\n\t\t\t\t<\/div>\n\t\t\t\t<\/div>\n\t\t<div class=\"elementor-element elementor-element-d38bb70 e-con-full e-flex e-con e-child\" data-id=\"d38bb70\" data-element_type=\"container\" data-e-type=\"container\">\n\t\t\t\t<div class=\"elementor-element elementor-element-21bcd22 elementor-widget elementor-widget-heading\" data-id=\"21bcd22\" data-element_type=\"widget\" data-e-type=\"widget\" data-widget_type=\"heading.default\">\n\t\t\t\t<div class=\"elementor-widget-container\">\n\t\t\t\t\t<h2 class=\"elementor-heading-title elementor-size-default\">Pete<\/h2>\t\t\t\t<\/div>\n\t\t\t\t<\/div>\n\t\t\t\t<div class=\"elementor-element elementor-element-0a00b47 elementor-widget elementor-widget-text-editor\" data-id=\"0a00b47\" data-element_type=\"widget\" data-e-type=\"widget\" data-widget_type=\"text-editor.default\">\n\t\t\t\t<div class=\"elementor-widget-container\">\n\t\t\t\t\t\t\t\t\t<p>Beatboxer, manchmal darf er auch Bariton singen<\/p><blockquote><p>Ohne Pete w\u00e4ren unsere Auftritte nur halb so spannend, weil er mit seinem Schlagzeug, welches er in seinem Mund versteckt hat (!), das Publikum immer zum Staunen bringt.\u00a0<\/p><\/blockquote>\t\t\t\t\t\t\t\t<\/div>\n\t\t\t\t<\/div>\n\t\t\t\t<\/div>\n\t\t\t\t\t<\/div>\n\t\t\t\t<\/div>\n\t\t<div class=\"elementor-element elementor-element-ecfe127 e-flex e-con-boxed e-con e-parent\" data-id=\"ecfe127\" data-element_type=\"container\" data-e-type=\"container\">\n\t\t\t\t\t<div class=\"e-con-inner\">\n\t\t\t\t<div class=\"elementor-element elementor-element-7cfa5b7 elementor-widget-divider--view-line elementor-widget elementor-widget-divider\" data-id=\"7cfa5b7\" data-element_type=\"widget\" data-e-type=\"widget\" data-widget_type=\"divider.default\">\n\t\t\t\t<div class=\"elementor-widget-container\">\n\t\t\t\t\t\t\t<div class=\"elementor-divider\">\n\t\t\t<span class=\"elementor-divider-separator\">\n\t\t\t\t\t\t<\/span>\n\t\t<\/div>\n\t\t\t\t\t\t<\/div>\n\t\t\t\t<\/div>\n\t\t\t\t\t<\/div>\n\t\t\t\t<\/div>\n\t\t<div class=\"elementor-element elementor-element-39aa11e e-flex e-con-boxed e-con e-parent\" data-id=\"39aa11e\" data-element_type=\"container\" data-e-type=\"container\">\n\t\t\t\t\t<div class=\"e-con-inner\">\n\t\t<div class=\"elementor-element elementor-element-31fa779 e-con-full e-flex e-con e-child\" data-id=\"31fa779\" data-element_type=\"container\" data-e-type=\"container\">\n\t\t\t\t<div class=\"elementor-element elementor-element-0ba4a94 elementor-widget elementor-widget-heading\" data-id=\"0ba4a94\" data-element_type=\"widget\" data-e-type=\"widget\" data-widget_type=\"heading.default\">\n\t\t\t\t<div class=\"elementor-widget-container\">\n\t\t\t\t\t<h2 class=\"elementor-heading-title elementor-size-default\">Lorenz<\/h2>\t\t\t\t<\/div>\n\t\t\t\t<\/div>\n\t\t\t\t<div class=\"elementor-element elementor-element-86e3b2a elementor-widget elementor-widget-text-editor\" data-id=\"86e3b2a\" data-element_type=\"widget\" data-e-type=\"widget\" data-widget_type=\"text-editor.default\">\n\t\t\t\t<div class=\"elementor-widget-container\">\n\t\t\t\t\t\t\t\t\t<p>Bass, das menschliche Fundament<\/p>\n<blockquote>\n<p>Lorenz testet in den Locations immer erst die Bassboxen und ist dementsprechend dann ganz gut oder auch mal weniger gut drauf.\u00a0<\/p>\n<\/blockquote>\t\t\t\t\t\t\t\t<\/div>\n\t\t\t\t<\/div>\n\t\t\t\t<\/div>\n\t\t<div class=\"elementor-element elementor-element-28c2d04 e-con-full e-flex e-con e-child\" data-id=\"28c2d04\" data-element_type=\"container\" data-e-type=\"container\">\n\t\t\t\t<div class=\"elementor-element elementor-element-b939d02 elementor-widget elementor-widget-image\" data-id=\"b939d02\" data-element_type=\"widget\" data-e-type=\"widget\" data-widget_type=\"image.default\">\n\t\t\t\t<div class=\"elementor-widget-container\">\n\t\t\t\t\t\t\t\t\t\t\t\t\t\t\t<img loading=\"lazy\" decoding=\"async\" width=\"200\" height=\"300\" src=\"https:\/\/freevocals.de\/wp-content\/uploads\/2025\/01\/19-DSC00726-200x300.jpg\" class=\"attachment-medium size-medium wp-image-2708\" alt=\"\" srcset=\"https:\/\/freevocals.de\/wp-content\/uploads\/2025\/01\/19-DSC00726-200x300.jpg 200w, https:\/\/freevocals.de\/wp-content\/uploads\/2025\/01\/19-DSC00726-683x1024.jpg 683w, https:\/\/freevocals.de\/wp-content\/uploads\/2025\/01\/19-DSC00726-768x1152.jpg 768w, https:\/\/freevocals.de\/wp-content\/uploads\/2025\/01\/19-DSC00726-1024x1536.jpg 1024w, https:\/\/freevocals.de\/wp-content\/uploads\/2025\/01\/19-DSC00726.jpg 1365w\" sizes=\"(max-width: 200px) 100vw, 200px\" \/>\t\t\t\t\t\t\t\t\t\t\t\t\t\t\t<\/div>\n\t\t\t\t<\/div>\n\t\t\t\t<\/div>\n\t\t\t\t\t<\/div>\n\t\t\t\t<\/div>\n\t\t\t\t<\/div>\n\t\t","protected":false},"excerpt":{"rendered":"<p>Die Band Wir sind die Free Vocals und haben uns auf die Fahne geschrieben, eine Vocal Boy Band zu sein. Vocal Boy Band? Klingt vielleicht erstmal ungew\u00f6hnlich, aber genau das macht uns aus! Wir sind im Grunde eine klassische Boy&#8230;<\/p>\n","protected":false},"author":1,"featured_media":0,"parent":0,"menu_order":0,"comment_status":"closed","ping_status":"closed","template":"","meta":{"footnotes":""},"class_list":["post-2798","page","type-page","status-publish","hentry"],"jetpack_sharing_enabled":true,"_links":{"self":[{"href":"https:\/\/freevocals.de\/index.php\/wp-json\/wp\/v2\/pages\/2798","targetHints":{"allow":["GET"]}}],"collection":[{"href":"https:\/\/freevocals.de\/index.php\/wp-json\/wp\/v2\/pages"}],"about":[{"href":"https:\/\/freevocals.de\/index.php\/wp-json\/wp\/v2\/types\/page"}],"author":[{"embeddable":true,"href":"https:\/\/freevocals.de\/index.php\/wp-json\/wp\/v2\/users\/1"}],"replies":[{"embeddable":true,"href":"https:\/\/freevocals.de\/index.php\/wp-json\/wp\/v2\/comments?post=2798"}],"version-history":[{"count":37,"href":"https:\/\/freevocals.de\/index.php\/wp-json\/wp\/v2\/pages\/2798\/revisions"}],"predecessor-version":[{"id":3028,"href":"https:\/\/freevocals.de\/index.php\/wp-json\/wp\/v2\/pages\/2798\/revisions\/3028"}],"wp:attachment":[{"href":"https:\/\/freevocals.de\/index.php\/wp-json\/wp\/v2\/media?parent=2798"}],"curies":[{"name":"wp","href":"https:\/\/api.w.org\/{rel}","templated":true}]}}